{"id":2748,"date":"2022-12-21T10:09:28","date_gmt":"2022-12-21T10:09:28","guid":{"rendered":"http:\/\/www.internationalstudentsymposium.com\/en\/bildiri-kitaplari\/"},"modified":"2024-07-24T07:11:48","modified_gmt":"2024-07-24T07:11:48","slug":"book-of-abstracts","status":"publish","type":"page","link":"https:\/\/www.internationalstudentsymposium.com\/en\/book-of-abstracts\/","title":{"rendered":"Books of Articles"},"content":{"rendered":"<section class=\"kc-elm kc-css-8855 kc_row\"><div class=\"kc-row-container  kc-container\"><div class=\"kc-wrap-columns\"><div class=\"kc-elm kc-css-121431 kc_col-sm-12 kc_column col-md-12\"><div class=\"kc-col-container\"><div data-open-on-mouseover=\"\" data-tab-active=\"1\" data-effect-option=\"yes\" class=\"kc-elm kc-css-900918 kc_tabs group\">\n\t<div class=\"kc_wrapper ui-tabs kc_clearfix\">\n\t\t<ul class=\"kc_tabs_nav ui-tabs-nav kc_clearfix\">\n\t\t\t<li><a href=\"#\" data-prevent=\"scroll\">1. ISS<\/a><\/li><li><a href=\"#\" data-prevent=\"scroll\">2. ISS<\/a><\/li><li><a href=\"#\" data-prevent=\"scroll\">3. ISS<\/a><\/li><li><a href=\"#\" data-prevent=\"scroll\">4. ISS<\/a><\/li><li><a href=\"#\" data-prevent=\"scroll\">5. ISS<\/a><\/li><li><a href=\"#\" data-prevent=\"scroll\">6. ISS<\/a><\/li><li><a href=\"#\" data-prevent=\"scroll\">7. ISS<\/a><\/li><li><a href=\"#\" data-prevent=\"scroll\">8. ISS<\/a><\/li><li><a href=\"#\" data-prevent=\"scroll\">9. ISS<\/a><\/li>\t\t<\/ul>\n\t\t<div id=\"1-iss\" class=\"kc-elm kc-css-285817 kc_tab ui-tabs-panel kc_ui-tabs-hide kc_clearfix \"><div class=\"kc_tab_content\"><div class=\"kc-elm kc-css-358422 kc_row kc_row_inner\"><div class=\"kc-elm kc-css-803685 kc_col-sm-6 kc_column_inner col-md-6 col-sm-12\"><div class=\"kc_wrapper kc-col-inner-container\"><div class=\"kc-elm kc-css-799950 crumina-module single-image\">\n        <a  href=\"http:\/\/www.internationalstudentsymposium.com\/dosya\/uos-2015-ozetler.pdf\" title=\"\" target=\"_self\">\n        <img decoding=\"async\" src=\"https:\/\/www.internationalstudentsymposium.com\/wp-content\/uploads\/2022\/12\/1-uos-ozetler-202x300.png\" class=\"aligncenter image-opacity\" alt=\"\" alt=\"\" \/>\n    <\/a>\n        <\/div>\n<\/div><\/div><div class=\"kc-elm kc-css-859712 kc_col-sm-6 kc_column_inner col-md-6 col-sm-12\"><div class=\"kc_wrapper kc-col-inner-container\"><div class=\"kc-elm kc-css-811109 crumina-module single-image\">\n        <a  href=\"http:\/\/www.internationalstudentsymposium.com\/dosya\/2015-sempozyum-bildiriler.pdf\" title=\"\" target=\"_blank\">\n        <img decoding=\"async\" src=\"https:\/\/www.internationalstudentsymposium.com\/wp-content\/uploads\/2022\/12\/1-uos-bildiriler-212x300.png\" class=\"aligncenter image-opacity\" alt=\"\" alt=\"\" \/>\n    <\/a>\n        <\/div>\n<\/div><\/div><\/div><\/div><\/div><div id=\"2-iss\" class=\"kc-elm kc-css-627998 kc_tab ui-tabs-panel kc_ui-tabs-hide kc_clearfix \"><div class=\"kc_tab_content\"><div class=\"kc-elm kc-css-222170 kc_row kc_row_inner\"><div class=\"kc-elm kc-css-388502 kc_col-sm-6 kc_column_inner col-md-6 col-sm-12\"><div class=\"kc_wrapper kc-col-inner-container\"><div class=\"kc-elm kc-css-381452 crumina-module single-image\">\n        <a  href=\"http:\/\/www.internationalstudentsymposium.com\/dosya\/uos-2016-ozetler.pdf\" title=\"\" target=\"_blank\">\n        <img decoding=\"async\" src=\"https:\/\/www.internationalstudentsymposium.com\/wp-content\/uploads\/2022\/12\/2-uos-ozetler-214x300.png\" class=\"aligncenter image-opacity\" alt=\"\" alt=\"\" \/>\n    <\/a>\n        <\/div>\n<\/div><\/div><div class=\"kc-elm kc-css-767062 kc_col-sm-6 kc_column_inner col-md-6 col-sm-12\"><div class=\"kc_wrapper kc-col-inner-container\"><div class=\"kc-elm kc-css-772923 crumina-module single-image\">\n        <a  href=\"http:\/\/www.internationalstudentsymposium.com\/dosya\/2016-sempozyum-bildiriler.pdf\" title=\"\" target=\"_blank\">\n        <img decoding=\"async\" src=\"https:\/\/www.internationalstudentsymposium.com\/wp-content\/uploads\/2022\/12\/2-uos-bildiriler-231x300.png\" class=\"aligncenter image-opacity\" alt=\"\" alt=\"\" \/>\n    <\/a>\n        <\/div>\n<\/div><\/div><\/div><\/div><\/div><div id=\"3-iss\" class=\"kc-elm kc-css-345790 kc_tab ui-tabs-panel kc_ui-tabs-hide kc_clearfix \"><div class=\"kc_tab_content\"><div class=\"kc-elm kc-css-767383 kc_row kc_row_inner\"><div class=\"kc-elm kc-css-631695 kc_col-sm-6 kc_column_inner col-md-6 col-sm-12\"><div class=\"kc_wrapper kc-col-inner-container\"><div class=\"kc-elm kc-css-264421 crumina-module single-image\">\n        <a  href=\"http:\/\/www.internationalstudentsymposium.com\/dosya\/uos-2017-ozetler.pdf\" title=\"\" target=\"_blank\">\n        <img decoding=\"async\" src=\"https:\/\/www.internationalstudentsymposium.com\/wp-content\/uploads\/2022\/12\/3-uos-ozetler-213x300.png\" class=\"aligncenter image-opacity\" alt=\"\" alt=\"\" \/>\n    <\/a>\n        <\/div>\n<\/div><\/div><div class=\"kc-elm kc-css-454373 kc_col-sm-6 kc_column_inner col-md-6 col-sm-12\"><div class=\"kc_wrapper kc-col-inner-container\"><div class=\"kc-elm kc-css-270186 crumina-module single-image\">\n        <a  href=\"http:\/\/www.internationalstudentsymposium.com\/dosya\/2017-sempozyum-bildiriler.pdf\" title=\"\" target=\"_blank\">\n        <img decoding=\"async\" src=\"https:\/\/www.internationalstudentsymposium.com\/wp-content\/uploads\/2022\/12\/3-uos-bildiriler-198x300.png\" class=\"aligncenter image-opacity\" alt=\"\" alt=\"\" \/>\n    <\/a>\n        <\/div>\n<\/div><\/div><\/div><\/div><\/div><div id=\"4-iss\" class=\"kc-elm kc-css-860271 kc_tab ui-tabs-panel kc_ui-tabs-hide kc_clearfix \"><div class=\"kc_tab_content\"><div class=\"kc-elm kc-css-12934 kc_row kc_row_inner\"><div class=\"kc-elm kc-css-118647 kc_col-sm-6 kc_column_inner col-md-6 col-sm-12\"><div class=\"kc_wrapper kc-col-inner-container\"><div class=\"kc-elm kc-css-380471 crumina-module single-image\">\n        <a  href=\"http:\/\/www.internationalstudentsymposium.com\/dosya\/uos-2018-ozetler.pdf\" title=\"\" target=\"_blank\">\n        <img decoding=\"async\" src=\"https:\/\/www.internationalstudentsymposium.com\/wp-content\/uploads\/2022\/12\/4-uos-bildiriler-212x300.png\" class=\"aligncenter image-opacity\" alt=\"\" alt=\"\" \/>\n    <\/a>\n        <\/div>\n<\/div><\/div><div class=\"kc-elm kc-css-735500 kc_col-sm-6 kc_column_inner col-md-6 col-sm-12\"><div class=\"kc_wrapper kc-col-inner-container\"><div class=\"kc-elm kc-css-748318 crumina-module single-image\">\n        <a  href=\"http:\/\/www.internationalstudentsymposium.com\/dosya\/2018-sempozyum-bildiriler.pdf\" title=\"\" target=\"_blank\">\n        <img decoding=\"async\" src=\"https:\/\/www.internationalstudentsymposium.com\/wp-content\/uploads\/2022\/12\/4-uos-bildiriler1-209x300.png\" class=\"aligncenter image-opacity\" alt=\"\" alt=\"\" \/>\n    <\/a>\n        <\/div>\n<\/div><\/div><\/div><\/div><\/div><div id=\"5-iss\" class=\"kc-elm kc-css-689879 kc_tab ui-tabs-panel kc_ui-tabs-hide kc_clearfix \"><div class=\"kc_tab_content\"><div class=\"kc-elm kc-css-854583 kc_row kc_row_inner\"><div class=\"kc-elm kc-css-135799 kc_col-sm-6 kc_column_inner col-md-6 col-sm-12\"><div class=\"kc_wrapper kc-col-inner-container\"><div class=\"kc-elm kc-css-70610 kc-animated kc-animate-eff-fadeInLeft crumina-module single-image\">\n            <img decoding=\"async\" src=\"https:\/\/www.internationalstudentsymposium.com\/wp-content\/uploads\/2020\/05\/5u\u00f6s.jpg\" class=\"aligncenter\" alt=\"\" \/>\n        <\/div>\n<\/div><\/div><div class=\"kc-elm kc-css-182877 kc_col-sm-6 kc_column_inner col-md-6 col-sm-12\"><div class=\"kc_wrapper kc-col-inner-container\">\n<div class=\"kc-elm kc-css-346490 kc-animated kc-animate-eff-rubberBand crumina-module crumina-module-list list\" data-icon=\"et-notebook\">\n\t<ul>\r\n<li><i class=\"utouch-icon et-notebook\"><\/i><div class=\"ovh\"><a href=\"https:\/\/www.internationalstudentsymposium.com\/dosya\/2019-sempozyum-bildiriler-1.pdf\"><strong>1- Siyaset Bilimi-Uluslararas\u0131 \u0130li\u015fkiler-Hukuk<\/strong> <\/a><\/div><\/li>\r\n<li><i class=\"utouch-icon et-notebook\"><\/i><div class=\"ovh\"><a href=\"https:\/\/www.internationalstudentsymposium.com\/dosya\/2019-sempozyum-bildiriler-2.pdf\"><strong>2- Din-Tarih-Sosyoloji<\/strong><\/a><\/div><\/li>\r\n<li><i class=\"utouch-icon et-notebook\"><\/i><div class=\"ovh\"><a href=\"https:\/\/www.internationalstudentsymposium.com\/dosya\/2019-sempozyum-bildiriler-3.pdf\"><strong>3- \u0130ktisat-Finans-\u0130\u015fletme<\/strong> <\/a><\/div><\/li>\r\n<li><i class=\"utouch-icon et-notebook\"><\/i><div class=\"ovh\"><a href=\"https:\/\/www.internationalstudentsymposium.com\/dosya\/2019-sempozyum-bildiriler-4.pdf\"><strong>4- E\u011fitim-Edebiyat-\u0130leti\u015fim<\/strong> <\/a><\/div><\/li>\r\n<li><i class=\"utouch-icon et-notebook\"><\/i><div class=\"ovh\"><a href=\"https:\/\/www.internationalstudentsymposium.com\/dosya\/2019-sempozyum-bildiriler-5.pdf\"><strong>5- Uluslararas\u0131 \u00d6\u011frencilik <\/strong><\/a><\/div><\/li>\r\n<li><i class=\"utouch-icon et-notebook\"><\/i><div class=\"ovh\"><strong><a href=\"https:\/\/www.internationalstudentsymposium.com\/dosya\/2019-sempozyum-bildiriler-6.pdf\">6- M\u00fchendislik-Teknoloji <\/a><\/strong><\/div><\/li>\r\n<li><i class=\"utouch-icon et-notebook\"><\/i><div class=\"ovh\"><a href=\"https:\/\/www.internationalstudentsymposium.com\/dosya\/2019-sempozyum-bildiriler-7.pdf\"><strong>7-<\/strong> <strong>Fen Bilimleri-Ziraat-Sa\u011fl\u0131k<\/strong> <\/a><\/div><\/li>\r\n<\/ul>\r\n<\/div>\n<\/div><\/div><\/div><\/div><\/div><div id=\"6-iss\" class=\"kc-elm kc-css-828130 kc_tab ui-tabs-panel kc_ui-tabs-hide kc_clearfix \"><div class=\"kc_tab_content\"><div class=\"kc-elm kc-css-961676 kc_row kc_row_inner\"><div class=\"kc-elm kc-css-754955 kc_col-sm-6 kc_column_inner col-md-6 col-sm-12\"><div class=\"kc_wrapper kc-col-inner-container\"><div class=\"kc-elm kc-css-722169 crumina-module single-image\">\n            <img decoding=\"async\" src=\"https:\/\/www.internationalstudentsymposium.com\/wp-content\/uploads\/2020\/12\/6-uos-afis-tr-215x300.png\" class=\"aligncenter\" alt=\"\" \/>\n        <\/div>\n<\/div><\/div><div class=\"kc-elm kc-css-137226 kc_col-sm-6 kc_column_inner col-md-6 col-sm-12\"><div class=\"kc_wrapper kc-col-inner-container\">\n<div class=\"kc-elm kc-css-513812 kc-animated kc-animate-eff-rubberBand crumina-module crumina-module-list list\" data-icon=\"et-notebook\">\n\t<ul>\r\n<li><i class=\"utouch-icon et-notebook\"><\/i><div class=\"ovh\"><a href=\"https:\/\/www.internationalstudentsymposium.com\/dosya\/2020-sempozyum-bildiriler-1.pdf\"><strong>1- M\u00fchendislik Bilimleri <\/strong><\/a><\/div><\/li>\r\n<li><i class=\"utouch-icon et-notebook\"><\/i><div class=\"ovh\"><a href=\"https:\/\/www.internationalstudentsymposium.com\/dosya\/2020-sempozyum-bildiriler-2.pdf\"><strong>2- Fen ve Ziraat Bilimleri <\/strong><\/a><\/div><\/li>\r\n<li><i class=\"utouch-icon et-notebook\"><\/i><div class=\"ovh\"><a href=\"https:\/\/www.internationalstudentsymposium.com\/dosya\/2020-sempozyum-bildiriler-3.pdf\"><strong>3- Edebiyat, Dil ve E\u011fitim <\/strong><\/a><\/div><\/li>\r\n<li><i class=\"utouch-icon et-notebook\"><\/i><div class=\"ovh\"><a href=\"https:\/\/www.internationalstudentsymposium.com\/dosya\/2020-sempozyum-bildiriler-4.pdf\"><strong>4- \u0130ktisat ve \u0130\u015fletme Bilimleri <\/strong><\/a><\/div><\/li>\r\n<li><i class=\"utouch-icon et-notebook\"><\/i><div class=\"ovh\"><a href=\"https:\/\/www.internationalstudentsymposium.com\/dosya\/2020-sempozyum-bildiriler-5.pdf\"><strong>5- \u0130leti\u015fim ve Medya Bilimleri <\/strong><\/a><\/div><\/li>\r\n<li><i class=\"utouch-icon et-notebook\"><\/i><div class=\"ovh\"><strong><a href=\"https:\/\/www.internationalstudentsymposium.com\/dosya\/2020-sempozyum-bildiriler-6.pdf\">6- \u0130slami \u0130limler <\/a><\/strong><\/div><\/li>\r\n<li><i class=\"utouch-icon et-notebook\"><\/i><div class=\"ovh\"><a href=\"https:\/\/www.internationalstudentsymposium.com\/dosya\/2020-sempozyum-bildiriler-7.pdf\"><strong>7-<\/strong> <strong>Siyaset Bilimi ve Uluslararas\u0131 \u0130li\u015fkiler<\/strong> <\/a><\/div><\/li>\r\n<li><i class=\"utouch-icon et-notebook\"><\/i><div class=\"ovh\"><strong><a href=\"https:\/\/www.internationalstudentsymposium.com\/dosya\/2020-sempozyum-bildiriler-8.pdf\">8- Sosyoloji<\/a><\/strong><\/div><\/li>\r\n<li><i class=\"utouch-icon et-notebook\"><\/i><div class=\"ovh\"><strong><a href=\"https:\/\/www.internationalstudentsymposium.com\/dosya\/2020-sempozyum-bildiriler-9.pdf\">9- Tarih<\/a><\/strong><\/div><\/li>\r\n<li><i class=\"utouch-icon et-notebook\"><\/i><div class=\"ovh\"><a href=\"https:\/\/www.internationalstudentsymposium.com\/dosya\/2020-sempozyum-bildiriler-10.pdf\"><strong>10- Uluslararas\u0131 \u00d6\u011frencilik<\/strong><\/a><\/div><\/li>\r\n<\/ul>\r\n<\/div>\n<\/div><\/div><\/div><\/div><\/div><div id=\"7-iss\" class=\"kc-elm kc-css-972368 kc_tab ui-tabs-panel kc_ui-tabs-hide kc_clearfix \"><div class=\"kc_tab_content\"><div class=\"kc-elm kc-css-309929 kc_row kc_row_inner\"><div class=\"kc-elm kc-css-767581 kc_col-sm-6 kc_column_inner col-md-6 col-sm-12\"><div class=\"kc_wrapper kc-col-inner-container\"><div class=\"kc-elm kc-css-599685 crumina-module single-image\">\n            <img decoding=\"async\" src=\"https:\/\/www.internationalstudentsymposium.com\/wp-content\/uploads\/2022\/05\/ilan-gorseli.jpeg\" class=\"aligncenter\" alt=\"\" \/>\n        <\/div>\n<\/div><\/div><div class=\"kc-elm kc-css-359596 kc_col-sm-6 kc_column_inner col-md-6 col-sm-12\"><div class=\"kc_wrapper kc-col-inner-container\">\n<div class=\"kc-elm kc-css-411238 crumina-module crumina-module-list list\" data-icon=\"et-book-open\">\n\t<ul>\r\n<li><i class=\"utouch-icon et-book-open\"><\/i><div class=\"ovh\"><a href=\"https:\/\/www.internationalstudentsymposium.com\/dosya\/7-uos-1.pdf\">1 - Uluslararas\u0131 \u00d6\u011frencilik<\/a><\/div><\/li>\r\n<li><i class=\"utouch-icon et-book-open\"><\/i><div class=\"ovh\"><a href=\"https:\/\/www.internationalstudentsymposium.com\/dosya\/7-uos-2.pdf\">2 - Dil, Edebiyat ve E\u011fitim Bilimleri<\/a><\/div><\/li>\r\n<li><i class=\"utouch-icon et-book-open\"><\/i><div class=\"ovh\"><a href=\"https:\/\/www.internationalstudentsymposium.com\/dosya\/7-uos-3.pdf\">3 - Din ve \u0130slami \u0130limler<\/a><\/div><\/li>\r\n<li><i class=\"utouch-icon et-book-open\"><\/i><div class=\"ovh\"><a href=\"https:\/\/www.internationalstudentsymposium.com\/dosya\/7-uos-4.pdf\">4 - Fen, Ziraat ve Sa\u011fl\u0131k Bilimleri<\/a><\/div><\/li>\r\n<li><i class=\"utouch-icon et-book-open\"><\/i><div class=\"ovh\"><a href=\"https:\/\/www.internationalstudentsymposium.com\/dosya\/7-uos-5.pdf\">5 - \u0130ktisat ve \u0130\u015fletme<\/a><\/div><\/li>\r\n<li><i class=\"utouch-icon et-book-open\"><\/i><div class=\"ovh\"><a href=\"https:\/\/www.internationalstudentsymposium.com\/dosya\/7-uos-6.pdf\">6 - \u0130leti\u015fim ve Medya<\/a><\/div><\/li>\r\n<li><i class=\"utouch-icon et-book-open\"><\/i><div class=\"ovh\"><a href=\"https:\/\/www.internationalstudentsymposium.com\/dosya\/7-uos-7.pdf\">7 - M\u00fchendislik Bilimleri<\/a><\/div><\/li>\r\n<li><i class=\"utouch-icon et-book-open\"><\/i><div class=\"ovh\"><a href=\"https:\/\/www.internationalstudentsymposium.com\/dosya\/7-uos-8.pdf\">8 - Siyasal Bilgiler ve Hukuk<\/a><\/div><\/li>\r\n<li><i class=\"utouch-icon et-book-open\"><\/i><div class=\"ovh\"><a href=\"https:\/\/www.internationalstudentsymposium.com\/dosya\/7-uos-9.pdf\">9 - Sosyoloji<\/a><\/div><\/li>\r\n<li><i class=\"utouch-icon et-book-open\"><\/i><div class=\"ovh\"><a href=\"https:\/\/www.internationalstudentsymposium.com\/dosya\/7-uos-10.pdf\">10 - Tarih<\/a><\/div><\/li>\r\n<li><i class=\"utouch-icon et-book-open\"><\/i><div class=\"ovh\"><a href=\"https:\/\/www.internationalstudentsymposium.com\/dosya\/7-uos-11.pdf\">11 - Uluslararas\u0131 \u0130li\u015fkiler<\/a><\/div><\/li>\r\n<\/ul>\r\n<\/div>\n<\/div><\/div><\/div><\/div><\/div><div id=\"8-iss\" class=\"kc-elm kc-css-884683 kc_tab ui-tabs-panel kc_ui-tabs-hide kc_clearfix \"><div class=\"kc_tab_content\"><div class=\"kc-elm kc-css-645034 kc_row kc_row_inner\"><div class=\"kc-elm kc-css-396848 kc_col-sm-6 kc_column_inner col-md-6 col-sm-12\"><div class=\"kc_wrapper kc-col-inner-container\"><div class=\"kc-elm kc-css-761453 crumina-module single-image\">\n            <img decoding=\"async\" src=\"https:\/\/www.internationalstudentsymposium.com\/wp-content\/uploads\/2023\/05\/WhatsApp-Image-2023-05-26-at-16.41.32.jpeg\" class=\"aligncenter\" alt=\"\" \/>\n        <\/div>\n<\/div><\/div><div class=\"kc-elm kc-css-931523 kc_col-sm-6 kc_column_inner col-md-6 col-sm-12\"><div class=\"kc_wrapper kc-col-inner-container\">\n<div class=\"kc-elm kc-css-39225 crumina-module crumina-module-list list\" data-icon=\"et-book-open\">\n\t<ul>\r\n \t<li style=\"list-style-type: none;\">\r\n<ul>\r\n \t<li><i class=\"utouch-icon et-book-open\"><\/i><div class=\"ovh\"><a href=\"http:\/\/www.internationalstudentsymposium.com\/dosya\/8-uos\/1-Uluslararas\u0131 O\u0308g\u0306rencilik.pdf\">1 - Uluslararas\u0131 \u00d6\u011frencilik<\/a><\/div><\/li>\r\n \t<li><i class=\"utouch-icon et-book-open\"><\/i><div class=\"ovh\"><a href=\"http:\/\/www.internationalstudentsymposium.com\/dosya\/8-uos\/2-Dil ve Eg\u0306itim Bilimleri.pdf\">2 - Dil ve Eg\u0306itim Bilimleri<\/a><\/div><\/li>\r\n \t<li><i class=\"utouch-icon et-book-open\"><\/i><div class=\"ovh\"><a href=\"http:\/\/www.internationalstudentsymposium.com\/dosya\/8-uos\/3-Din ve I\u0307slami I\u0307limler.pdf\">3 - Din ve I\u0307slami I\u0307limler<\/a><\/div><\/li>\r\n \t<li><i class=\"utouch-icon et-book-open\"><\/i><div class=\"ovh\"><a href=\"http:\/\/www.internationalstudentsymposium.com\/dosya\/8-uos\/4-Fen, Ziraat ve Sag\u0306l\u0131k Bilimleri.pdf\">4 - Fen, Ziraat ve Sag\u0306l\u0131k Bilimleri<\/a><\/div><\/li>\r\n \t<li><i class=\"utouch-icon et-book-open\"><\/i><div class=\"ovh\"><a href=\"http:\/\/www.internationalstudentsymposium.com\/dosya\/8-uos\/5-I\u0307ktisat ve I\u0307\u015fletme.pdf\">5 - I\u0307ktisat ve I\u0307\u015fletme<\/a><\/div><\/li>\r\n \t<li><i class=\"utouch-icon et-book-open\"><\/i><div class=\"ovh\"><a href=\"http:\/\/www.internationalstudentsymposium.com\/dosya\/8-uos\/\">6 - Medya ve \u0130leti\u015fim<\/a><\/div><\/li>\r\n \t<li><i class=\"utouch-icon et-book-open\"><\/i><div class=\"ovh\"><a href=\"http:\/\/www.internationalstudentsymposium.com\/dosya\/8-uos\/7-Mu\u0308hendislik Bilimleri.pdf\">7 - Mu\u0308hendislik Bilimleri<\/a><\/div><\/li>\r\n \t<li><i class=\"utouch-icon et-book-open\"><\/i><div class=\"ovh\"><a href=\"http:\/\/www.internationalstudentsymposium.com\/dosya\/8-uos\/8-Siyasal Bilgiler ve Sosyoloji.pdf\">8 - Siyasal Bilgiler ve Sosyoloji<\/a><\/div><\/li>\r\n \t<li><i class=\"utouch-icon et-book-open\"><\/i><div class=\"ovh\"><a href=\"http:\/\/www.internationalstudentsymposium.com\/dosya\/8-uos\/9-\u0130n\u015faat M\u00fchendisli\u011fi.pdf\">9 - \u0130n\u015faat M\u00fchendisli\u011fi<\/a><\/div><\/li>\r\n \t<li><i class=\"utouch-icon et-book-open\"><\/i><div class=\"ovh\"><a href=\"http:\/\/www.internationalstudentsymposium.com\/dosya\/8-uos\/10-Tarih.pdf\">10 - Tarih<\/a><\/div><\/li>\r\n \t<li><i class=\"utouch-icon et-book-open\"><\/i><div class=\"ovh\"><a href=\"http:\/\/www.internationalstudentsymposium.com\/dosya\/8-uos\/11-Uluslararas\u0131 I\u0307lis\u0327kiler.pdf\">11 - Uluslararas\u0131 I\u0307lis\u0327kiler<\/a><\/div><\/li>\r\n \t<li><i class=\"utouch-icon et-book-open\"><\/i><div class=\"ovh\"><a href=\"http:\/\/www.internationalstudentsymposium.com\/dosya\/8-uos\/12- Edebiyat.pdf\">12 - Edebiyat<\/a><\/div><\/li>\r\n<\/ul>\r\n<\/div><\/li>\r\n<\/ul><\/div>\n<\/div><\/div><\/div><\/div><\/div><div id=\"9-iss\" class=\"kc-elm kc-css-975329 kc_tab ui-tabs-panel kc_ui-tabs-hide kc_clearfix \"><div class=\"kc_tab_content\"><div class=\"kc-elm kc-css-99295 kc_row kc_row_inner\"><div class=\"kc-elm kc-css-703488 kc_col-sm-6 kc_column_inner col-md-6 col-sm-12\"><div class=\"kc_wrapper kc-col-inner-container\"><div class=\"kc-elm kc-css-654127 crumina-module single-image\">\n            <img decoding=\"async\" src=\"https:\/\/www.internationalstudentsymposium.com\/wp-content\/uploads\/2024\/06\/9-uos-afis-724x1024-1-e1718356903994.jpg\" class=\"aligncenter\" alt=\"\" \/>\n        <\/div>\n<\/div><\/div><div class=\"kc-elm kc-css-544284 kc_col-sm-6 kc_column_inner col-md-6 col-sm-12\"><div class=\"kc_wrapper kc-col-inner-container\">\n<div class=\"kc-elm kc-css-673373 crumina-module crumina-module-list list\" data-icon=\"et-book-open\">\n\t<ul>\r\n<li style=\"list-style-type: none;\">\r\n<ul>\r\n<li><i class=\"utouch-icon et-book-open\"><\/i><div class=\"ovh\"><a href=\"https:\/\/internationalstudentsymposium.com\/dosya\/9-uos\/1-Uluslararas\u0131 \u00d6\u011frencilik.pdf\">1 - Uluslararas\u0131 \u00d6\u011frencilik<\/a><\/div><\/li>\r\n<li><i class=\"utouch-icon et-book-open\"><\/i><div class=\"ovh\"><a href=\"https:\/\/internationalstudentsymposium.com\/dosya\/9-uos\/2- Dil, Edebiyat ve E\u011fitim Bilimleri.pdf \">2 - Dil, Edebiyat Eg\u0306itim Bilimleri<\/a><\/div><\/li>\r\n<li><i class=\"utouch-icon et-book-open\"><\/i><div class=\"ovh\"><a href=\"https:\/\/internationalstudentsymposium.com\/dosya\/9-uos\/3-\u0130lahiyat ve Tarih.pdf \">3 - \u0130lahiyat ve Tarih<\/a><\/div><\/li>\r\n<li><i class=\"utouch-icon et-book-open\"><\/i><div class=\"ovh\"><a href=\"https:\/\/internationalstudentsymposium.com\/dosya\/9-uos\/4-Fen, Ziraat ve Sa\u011fl\u0131k Bilimleri.pdf \">4 - Fen, Ziraat ve Sag\u0306l\u0131k Bilimleri<\/a><\/div><\/li>\r\n<li><i class=\"utouch-icon et-book-open\"><\/i><div class=\"ovh\"><a href=\"https:\/\/internationalstudentsymposium.com\/dosya\/9-uos\/5-\u0130ktisat ve \u0130\u015fletme.pdf \">5 - I\u0307ktisat ve I\u0307\u015fletme<\/a><\/div><\/li>\r\n<li><i class=\"utouch-icon et-book-open\"><\/i><div class=\"ovh\"><a href=\"https:\/\/internationalstudentsymposium.com\/dosya\/9-uos\/6-Medya, I\u0307letis\u0327im ve Bilis\u0327im.pdf\">6 - Medya ve \u0130leti\u015fim <\/a><\/div><\/li>\r\n<li><i class=\"utouch-icon et-book-open\"><\/i><div class=\"ovh\"><a href=\"https:\/\/internationalstudentsymposium.com\/dosya\/9-uos\/7-M\u00fchendislik Bilimleri.pdf \">7 - Mu\u0308hendislik Bilimleri<\/a><\/div><\/li>\r\n<li><i class=\"utouch-icon et-book-open\"><\/i><div class=\"ovh\"><a href=\"https:\/\/internationalstudentsymposium.com\/dosya\/9-uos\/8-Sosyoloji, Siyasal Bilgiler ve Hukuk.pdf \">8 - Siyasal Bilgiler, Sosyoloji ve Hukuk<\/a><\/div><\/li>\r\n<li><i class=\"utouch-icon et-book-open\"><\/i><div class=\"ovh\"><a href=\"https:\/\/internationalstudentsymposium.com\/dosya\/9-uos\/9-Uluslararas\u0131 \u0130li\u015fkiler.pdf\">9 - Uluslararas\u0131 I\u0307lis\u0327kiler<\/a><\/div><\/li>\r\n<\/ul>\r\n<\/div><\/li>\r\n<\/ul>\r\n<span data-mce-type=\"bookmark\" style=\"display: inline-block; width: 0px; overflow: hidden; line-height: 0;\" class=\"mce_SELRES_start\">\ufeff<\/span><\/div>\n<\/div><\/div><\/div><\/div><\/div>\t<\/div>\n<\/div>\n\n\n<\/div><\/div><\/div><\/div><\/section>\n","protected":false},"excerpt":{"rendered":"","protected":false},"author":1,"featured_media":0,"parent":0,"menu_order":0,"comment_status":"closed","ping_status":"closed","template":"","meta":{"footnotes":""},"class_list":["post-2748","page","type-page","status-publish","hentry"],"_links":{"self":[{"href":"https:\/\/www.internationalstudentsymposium.com\/en\/wp-json\/wp\/v2\/pages\/2748"}],"collection":[{"href":"https:\/\/www.internationalstudentsymposium.com\/en\/wp-json\/wp\/v2\/pages"}],"about":[{"href":"https:\/\/www.internationalstudentsymposium.com\/en\/wp-json\/wp\/v2\/types\/page"}],"author":[{"embeddable":true,"href":"https:\/\/www.internationalstudentsymposium.com\/en\/wp-json\/wp\/v2\/users\/1"}],"replies":[{"embeddable":true,"href":"https:\/\/www.internationalstudentsymposium.com\/en\/wp-json\/wp\/v2\/comments?post=2748"}],"version-history":[{"count":13,"href":"https:\/\/www.internationalstudentsymposium.com\/en\/wp-json\/wp\/v2\/pages\/2748\/revisions"}],"predecessor-version":[{"id":3056,"href":"https:\/\/www.internationalstudentsymposium.com\/en\/wp-json\/wp\/v2\/pages\/2748\/revisions\/3056"}],"wp:attachment":[{"href":"https:\/\/www.internationalstudentsymposium.com\/en\/wp-json\/wp\/v2\/media?parent=2748"}],"curies":[{"name":"wp","href":"https:\/\/api.w.org\/{rel}","templated":true}]}}