{"id":2328,"date":"2019-06-24T15:51:58","date_gmt":"2019-06-24T15:51:58","guid":{"rendered":"http:\/\/www.internationalstudentsymposium.com\/en\/?page_id=2328"},"modified":"2020-03-04T08:49:03","modified_gmt":"2020-03-04T08:49:03","slug":"contact","status":"publish","type":"page","link":"https:\/\/www.internationalstudentsymposium.com\/en\/contact\/","title":{"rendered":"Contact"},"content":{"rendered":"<section class=\"kc-elm kc-css-160745 kc_row\"><div class=\"kc-row-container\"><div class=\"kc-wrap-columns\"><div class=\"kc-elm kc-css-386511 kc_col-sm-6 kc_column col-md-6 col-sm-12\"><div class=\"kc-col-container\"><div id=\"gmap-32146\" class=\"kc-elm kc-css-299208 google-map\" data-map-style=\"\" data-locations=\"Defterdar Mah. Fethi \u00c7elebi Cad. Fethi \u00c7elebi \u00c7\u0131kmaz\u0131 No:1 Ey\u00fcpsultan \/ \u0130stanbul\" data-zoom=\"14\" data-key=\"AIzaSyBW_Jte17zubieonu4dp0t5b7hj6mkvzAc\" data-map-type=\"roadmap\" ><div class=\"map-canvas\" style=\"height: 800px\"><\/div><\/div><\/div><\/div><div class=\"kc-elm kc-css-254126 kc_col-sm-6 kc_column col-md-6 col-sm-12\"><div class=\"kc-col-container\"><div class=\"kc-elm kc-css-864578 crumina-module crumina-module-breadcrumb\">\n\t<div class=\"breadcrumbs-wrap inline-items\">\n\n\t\t<a href=\"https:\/\/www.internationalstudentsymposium.com\/en\" class=\"btn btn--transparent btn--round\">\n\t\t\t<svg class=\"utouch-icon utouch-icon-home-icon-silhouette\"><use xlink:href=\"#utouch-icon-home-icon-silhouette\"><\/use><\/svg>\n\t\t<\/a>\n\n\t\t<div class=\"breadcrumbs\">\n\t\t\t\n\t\t<\/div>\n\t<\/div>\n\n<\/div>\n<div class=\"kc-elm kc-css-89065 kc_text_block\"><\/p>\n<h2>Contact<\/h2>\n<p>You can contact us by phone, mail or by visiting our center.<\/p>\n<p>\n<\/div>\n<div class=\"kc-elm kc-css-131569 crumina-module widget w-contacts w-contacts--style2\">\n\t<div class=\"contact-item display-flex\">\n\t\t<svg class=\"utouch-icon utouch-icon-placeholder-3\">\n\t\t\t<use xlink:href=\"#utouch-icon-placeholder-3\"><\/use>\n\t\t<\/svg>\n\t\t\t\t\t<span class=\"info\">Defterdar Mah. Fethi \u00c7elebi Cad. Fethi \u00c7elebi \u00c7\u0131kmaz\u0131 No:1 Ey\u00fcpsultan \/ \u0130stanbul<\/span>\n\t\t\t<\/div>\n\t<div class=\"contact-item display-flex\">\n\t\t<svg class=\"utouch-icon utouch-icon-telephone-keypad-with-ten-keys\">\n\t\t\t<use xlink:href=\"#utouch-icon-telephone-keypad-with-ten-keys\"><\/use>\n\t\t<\/svg>\n\t\t<div class=\"info-wrap\">\n\t\t\t\t\t\t\t<span class=\"info\">0212 255 88 66 <span>\n\t\t\t\t\t\t- UDEF Genel Merkez<\/span><\/span>\n\t\t\t\n\t\t\t\t\t\t\t<span class=\"info\">0212 533 56 66 <span>\n\t\t\t\t\t\t- UDEF Akademi<\/span><\/span>\n\t\t\t\t\t<\/div>\n\t<\/div>\n\t<div class=\"contact-item display-flex\">\n\t\t<svg class=\"utouch-icon utouch-icon-message\">\n\t\t\t<use xlink:href=\"#utouch-icon-message\"><\/use>\n\t\t<\/svg>\n\t\t\t\t\t<a href=\"mailto:sempozyum@udef.org.tr\" class=\"info\">sempozyum@udef.org.tr<\/a>\n\t\t\t<\/div>\n\n\t\n<\/div>\n\n<\/div><\/div><\/div><\/div><\/section>\n","protected":false},"excerpt":{"rendered":"","protected":false},"author":1,"featured_media":0,"parent":0,"menu_order":0,"comment_status":"closed","ping_status":"closed","template":"","meta":{"footnotes":""},"class_list":["post-2328","page","type-page","status-publish","hentry"],"_links":{"self":[{"href":"https:\/\/www.internationalstudentsymposium.com\/en\/wp-json\/wp\/v2\/pages\/2328"}],"collection":[{"href":"https:\/\/www.internationalstudentsymposium.com\/en\/wp-json\/wp\/v2\/pages"}],"about":[{"href":"https:\/\/www.internationalstudentsymposium.com\/en\/wp-json\/wp\/v2\/types\/page"}],"author":[{"embeddable":true,"href":"https:\/\/www.internationalstudentsymposium.com\/en\/wp-json\/wp\/v2\/users\/1"}],"replies":[{"embeddable":true,"href":"https:\/\/www.internationalstudentsymposium.com\/en\/wp-json\/wp\/v2\/comments?post=2328"}],"version-history":[{"count":5,"href":"https:\/\/www.internationalstudentsymposium.com\/en\/wp-json\/wp\/v2\/pages\/2328\/revisions"}],"predecessor-version":[{"id":2466,"href":"https:\/\/www.internationalstudentsymposium.com\/en\/wp-json\/wp\/v2\/pages\/2328\/revisions\/2466"}],"wp:attachment":[{"href":"https:\/\/www.internationalstudentsymposium.com\/en\/wp-json\/wp\/v2\/media?parent=2328"}],"curies":[{"name":"wp","href":"https:\/\/api.w.org\/{rel}","templated":true}]}}