{"id":2316,"date":"2019-06-24T15:48:40","date_gmt":"2019-06-24T15:48:40","guid":{"rendered":"http:\/\/www.internationalstudentsymposium.com\/en\/?page_id=2316"},"modified":"2025-10-09T20:35:44","modified_gmt":"2025-10-09T20:35:44","slug":"symposium","status":"publish","type":"page","link":"https:\/\/www.internationalstudentsymposium.com\/en\/symposium\/","title":{"rendered":"Symposium"},"content":{"rendered":"<section class=\"kc-elm kc-css-615275 kc_row\"><div class=\"kc-row-container  kc-container\"><div class=\"kc-wrap-columns\"><div class=\"kc-elm kc-css-432051 kc_col-sm-12 kc_column col-md-12\"><div class=\"kc-col-container\"><div data-open-on-mouseover=\"\" data-tab-active=\"1\" data-effect-option=\"\" class=\"kc-elm kc-css-250024 kc_tabs group\">\n\t<div class=\"kc_wrapper ui-tabs kc_clearfix\">\n\t\t<ul class=\"kc_tabs_nav ui-tabs-nav kc_clearfix\">\n\t\t\t<li><a href=\"#\" data-prevent=\"scroll\">Call for Papers<\/a><\/li><li><a href=\"#\" data-prevent=\"scroll\">Writing Guidelines<\/a><\/li><li><a href=\"#\" data-prevent=\"scroll\">Committees<\/a><\/li>\t\t<\/ul>\n\t\t<div id=\"call-for-papers\" class=\"kc-elm kc-css-581762 kc_tab ui-tabs-panel kc_ui-tabs-hide kc_clearfix \"><div class=\"kc_tab_content\"><div class=\"kc-elm kc-css-175416 kc_text_block\"><\/p>\n<p>The 11th International Student Symposium will be held in Istanbul on November 22, 2025. This year, papers will be accepted on the topics of \u201cinternational studentship\", \u201cinternational politics\", \u201ccrisis regions in the world\" and \u201cimmigration\".<\/p>\n<\/p>\n<p><strong>Participation Requirements<\/strong><\/p>\n<p>Extended abstracts sent to the symposium must be between 750-1000 words. Texts will be accepted to the symposium if they pass the following stages:<\/p>\n<p>Comply with the writing rules (Please review the writing rules on the symposium website.)<\/p>\n<p>Pass the similarity program (texts with more than 20% similarity will be rejected)<\/p>\n<p>Referee evaluation must be in the direction of \u201cacceptance\u201d<\/p>\n<\/p>\n<p>Authors of papers that meet these conditions will participate in the symposium by paying a symposium fee of 500 TL.<\/p>\n<p>People whose papers are accepted will be responsible for their own transportation, intercity transportation and accommodation expenses. The full texts of the papers presented at the symposium will later be included in the proceedings book if they meet the writing requirements. Participation certificates will be given to symposium participants.<\/p>\n<p>A paper can have a maximum of 3 authors. Papers with more authors will not be accepted.<\/p>\n<\/p>\n<p><strong>Important Dates<\/strong><\/p>\n<p>Last Date for Extended Abstract Submission: August 15, 2025<\/p>\n<p>Announcement of Accepted Extended Abstracts: September 19, 2025<\/p>\n<p>Announcement of Symposium Program: October 31, 2025<\/p>\n<p>Symposium Date: November 22, 2025<\/p>\n<p>Last Date for Full Paper Submission for Proceedings: December 12, 2025<\/p>\n<p>\n<\/div><\/div><\/div><div id=\"writing-guidelines\" class=\"kc-elm kc-css-951255 kc_tab ui-tabs-panel kc_ui-tabs-hide kc_clearfix \"><div class=\"kc_tab_content\">\n<div class=\"kc-elm kc-css-308676 crumina-module call-to-action cta-standard\">\n\t<div class=\"row table\">\n\t\t<div class=\"col-lg-9 col-md-9 col-sm-12 col-xs-12 table-cell\">\n\t\t\t<h2 class=\"h1 heading-title no-margin\">Extended summary writing guide<\/h2>\t\t<\/div>\n\t\t<div class=\"col-lg-3 col-md-3 col-sm-12 col-xs-12 table-cell align-right\"><a href=\"https:\/\/www.internationalstudentsymposium.com\/wp-content\/uploads\/2025\/05\/Genis-Ozet-Yazim-Kilavuzu.docx\" target=\"_self\" title=\"Read More\"class=\"btn  btn--with-shadow btn-medium btn--primary\" ><span class=\"text\">Read More <\/span><\/a><\/div>\t<\/div>\n<\/div><\/div><\/div><div id=\"committees\" class=\"kc-elm kc-css-5478 kc_tab ui-tabs-panel kc_ui-tabs-hide kc_clearfix \"><div class=\"kc_tab_content\"><div class=\"kc-elm kc-css-940220 kc_text_block\"><\/p>\n<table width=\"572\">\n<tbody>\n<tr>\n<td width=\"269\"><strong>REGULATORY BOARD<\/strong><\/td>\n<td width=\"303\">\u00a0<\/td>\n<\/tr>\n<tr>\n<td colspan=\"2\">Name Surname\u00a0\u00a0\u00a0\u00a0\u00a0\u00a0\u00a0\u00a0\u00a0\u00a0\u00a0\u00a0\u00a0\u00a0\u00a0\u00a0\u00a0\u00a0\u00a0\u00a0\u00a0\u00a0\u00a0\u00a0\u00a0\u00a0\u00a0\u00a0\u00a0\u00a0\u00a0\u00a0\u00a0\u00a0\u00a0\u00a0\u00a0\u00a0\u00a0\u00a0\u00a0\u00a0\u00a0\u00a0\u00a0\u00a0\u00a0\u00a0\u00a0\u00a0\u00a0\u00a0\u00a0\u00a0\u00a0 Institution<\/td>\n<\/tr>\n<tr>\n<td colspan=\"2\">Prof. Dr. Mehmet \u00c7evik\u00a0\u00a0\u00a0\u00a0\u00a0\u00a0\u00a0\u00a0\u00a0\u00a0\u00a0\u00a0\u00a0\u00a0\u00a0\u00a0\u00a0\u00a0\u00a0\u00a0\u00a0\u00a0\u00a0\u00a0\u00a0\u00a0\u00a0\u00a0\u00a0\u00a0\u00a0\u00a0\u00a0\u00a0\u00a0\u00a0\u00a0\u00a0\u00a0\u00a0\u00a0\u00a0\u00a0 \u0130zmir Katip \u00c7elebi University<\/td>\n<\/tr>\n<tr>\n<td colspan=\"2\">Dr. Salman Narl\u0131\u00a0\u00a0\u00a0\u00a0\u00a0\u00a0\u00a0\u00a0\u00a0\u00a0\u00a0\u00a0\u00a0\u00a0\u00a0\u00a0\u00a0\u00a0\u00a0\u00a0\u00a0\u00a0\u00a0\u00a0\u00a0\u00a0\u00a0\u00a0\u00a0\u00a0\u00a0\u00a0\u00a0\u00a0\u00a0\u00a0\u00a0\u00a0\u00a0\u00a0\u00a0\u00a0\u00a0\u00a0\u00a0\u00a0\u00a0\u00a0\u00a0\u00a0\u00a0\u00a0\u00a0\u00a0\u00a0 UDEF<\/td>\n<\/tr>\n<tr>\n<td colspan=\"2\">Dr. Merdan Hannyev\u00a0\u00a0\u00a0\u00a0\u00a0\u00a0\u00a0\u00a0\u00a0\u00a0\u00a0\u00a0\u00a0\u00a0\u00a0\u00a0\u00a0\u00a0\u00a0\u00a0\u00a0\u00a0\u00a0\u00a0\u00a0\u00a0\u00a0\u00a0\u00a0\u00a0\u00a0\u00a0\u00a0\u00a0\u00a0\u00a0\u00a0\u00a0\u00a0\u00a0\u00a0\u00a0\u00a0\u00a0 \u00a0\u00a0UDEF<\/td>\n<\/tr>\n<tr>\n<td colspan=\"2\">\u0130mam Hissein Alio\u00a0\u00a0\u00a0\u00a0\u00a0\u00a0\u00a0\u00a0\u00a0\u00a0\u00a0\u00a0\u00a0\u00a0\u00a0\u00a0\u00a0\u00a0\u00a0\u00a0\u00a0\u00a0\u00a0\u00a0\u00a0\u00a0\u00a0\u00a0\u00a0\u00a0\u00a0\u00a0\u00a0\u00a0\u00a0\u00a0\u00a0\u00a0\u00a0\u00a0\u00a0\u00a0\u00a0\u00a0\u00a0\u00a0\u00a0\u00a0\u00a0 \u00a0\u00a0\u00a0 UDEF<\/td>\n<\/tr>\n<tr>\n<td colspan=\"2\">C\u00fcret Karaka\u015f\u00a0\u00a0\u00a0\u00a0\u00a0\u00a0\u00a0\u00a0\u00a0\u00a0\u00a0\u00a0\u00a0\u00a0\u00a0\u00a0\u00a0\u00a0\u00a0\u00a0\u00a0\u00a0\u00a0\u00a0\u00a0\u00a0\u00a0\u00a0\u00a0\u00a0\u00a0\u00a0\u00a0\u00a0\u00a0\u00a0\u00a0\u00a0\u00a0\u00a0\u00a0\u00a0\u00a0\u00a0\u00a0\u00a0\u00a0\u00a0\u00a0\u00a0\u00a0\u00a0\u00a0\u00a0\u00a0 \u00a0\u00a0\u00a0\u00a0 UDEF<\/td>\n<\/tr>\n<tr>\n<td colspan=\"2\">Abdul Raheem Akbari\u00a0\u00a0\u00a0\u00a0\u00a0\u00a0\u00a0\u00a0\u00a0\u00a0\u00a0\u00a0\u00a0\u00a0\u00a0\u00a0\u00a0\u00a0\u00a0\u00a0\u00a0\u00a0\u00a0\u00a0\u00a0\u00a0\u00a0\u00a0\u00a0\u00a0\u00a0\u00a0\u00a0\u00a0\u00a0\u00a0\u00a0\u00a0\u00a0\u00a0\u00a0\u00a0 \u00a0\u00a0\u00a0UDEF<\/td>\n<\/tr>\n<tr>\n<td colspan=\"2\">Bar\u0131\u015f Osman\u00a0\u00a0\u00a0\u00a0\u00a0\u00a0\u00a0\u00a0\u00a0\u00a0\u00a0\u00a0\u00a0\u00a0\u00a0\u00a0\u00a0\u00a0\u00a0\u00a0\u00a0\u00a0\u00a0\u00a0\u00a0\u00a0\u00a0\u00a0\u00a0\u00a0\u00a0\u00a0\u00a0\u00a0\u00a0\u00a0\u00a0\u00a0\u00a0\u00a0\u00a0\u00a0\u00a0\u00a0\u00a0\u00a0\u00a0\u00a0\u00a0\u00a0\u00a0\u00a0\u00a0\u00a0\u00a0\u00a0\u00a0\u00a0\u00a0 \u00a0\u00a0 UDEF<\/td>\n<\/tr>\n<tr>\n<td colspan=\"2\">Feyat Eren\u00a0\u00a0\u00a0\u00a0\u00a0\u00a0\u00a0\u00a0\u00a0\u00a0\u00a0\u00a0\u00a0\u00a0\u00a0\u00a0\u00a0\u00a0\u00a0\u00a0\u00a0\u00a0\u00a0\u00a0\u00a0\u00a0\u00a0\u00a0\u00a0\u00a0\u00a0\u00a0\u00a0\u00a0\u00a0\u00a0\u00a0\u00a0\u00a0\u00a0\u00a0\u00a0\u00a0\u00a0\u00a0\u00a0\u00a0\u00a0\u00a0\u00a0\u00a0\u00a0\u00a0\u00a0\u00a0\u00a0\u00a0\u00a0\u00a0\u00a0\u00a0\u00a0 \u00a0\u00a0 UDEF<\/td>\n<\/tr>\n<tr>\n<td>\n<p><strong>SCIENCE BOARD<\/strong><\/p>\n<\/td>\n<td>\u00a0<\/td>\n<\/tr>\n<tr>\n<td colspan=\"2\">Name Surname\u00a0\u00a0\u00a0\u00a0\u00a0\u00a0\u00a0\u00a0\u00a0\u00a0\u00a0\u00a0\u00a0\u00a0\u00a0\u00a0\u00a0\u00a0\u00a0\u00a0\u00a0\u00a0\u00a0\u00a0\u00a0\u00a0\u00a0\u00a0\u00a0\u00a0\u00a0\u00a0\u00a0\u00a0\u00a0\u00a0\u00a0\u00a0\u00a0\u00a0\u00a0\u00a0\u00a0\u00a0\u00a0\u00a0\u00a0\u00a0\u00a0\u00a0\u00a0\u00a0\u00a0\u00a0\u00a0 Institution<\/td>\n<\/tr>\n<tr>\n<td colspan=\"2\">Prof. Dr. Ahmet Alibasic\u00a0\u00a0\u00a0\u00a0\u00a0\u00a0\u00a0\u00a0\u00a0\u00a0\u00a0\u00a0\u00a0\u00a0\u00a0\u00a0\u00a0\u00a0\u00a0\u00a0\u00a0\u00a0\u00a0\u00a0\u00a0\u00a0\u00a0\u00a0\u00a0\u00a0\u00a0\u00a0\u00a0\u00a0\u00a0\u00a0\u00a0\u00a0\u00a0\u00a0\u00a0 \u00a0 University of Sarajevo<\/td>\n<\/tr>\n<tr>\n<td colspan=\"2\">Prof. Dr. Faruk Ta\u015fc\u0131\u00a0\u00a0\u00a0\u00a0\u00a0\u00a0\u00a0\u00a0\u00a0\u00a0\u00a0\u00a0\u00a0\u00a0\u00a0\u00a0\u00a0\u00a0\u00a0\u00a0\u00a0\u00a0\u00a0\u00a0\u00a0\u00a0\u00a0\u00a0\u00a0\u00a0\u00a0\u00a0\u00a0\u00a0\u00a0\u00a0\u00a0\u00a0\u00a0\u00a0\u00a0\u00a0\u00a0\u00a0\u00a0\u00a0\u00a0 \u00a0\u00a0 \u0130stanbul University<\/td>\n<\/tr>\n<tr>\n<td colspan=\"2\">Prof. Dr. Frederick Tumwine\u00a0\u00a0\u00a0\u00a0\u00a0\u00a0\u00a0\u00a0\u00a0\u00a0\u00a0\u00a0\u00a0\u00a0\u00a0\u00a0\u00a0\u00a0\u00a0\u00a0\u00a0\u00a0\u00a0\u00a0\u00a0\u00a0\u00a0\u00a0\u00a0\u00a0\u00a0\u00a0\u00a0\u00a0\u00a0Makerere University<\/td>\n<\/tr>\n<tr>\n<td colspan=\"2\">Prof. Dr. Furkan Be\u015fel\u00a0\u00a0\u00a0\u00a0\u00a0\u00a0\u00a0\u00a0\u00a0\u00a0\u00a0\u00a0\u00a0\u00a0\u00a0\u00a0\u00a0\u00a0\u00a0\u00a0\u00a0\u00a0\u00a0\u00a0\u00a0\u00a0\u00a0\u00a0\u00a0\u00a0\u00a0\u00a0\u00a0\u00a0\u00a0\u00a0\u00a0\u00a0\u00a0\u00a0\u00a0\u00a0\u00a0\u00a0\u00a0\u00a0 Sakarya University<\/td>\n<\/tr>\n<tr>\n<td colspan=\"2\">Prof. Dr. Oswald Ndoleliire\u00a0\u00a0\u00a0\u00a0\u00a0\u00a0\u00a0\u00a0\u00a0\u00a0\u00a0\u00a0\u00a0\u00a0\u00a0\u00a0\u00a0\u00a0\u00a0\u00a0\u00a0\u00a0\u00a0\u00a0\u00a0\u00a0\u00a0\u00a0\u00a0\u00a0\u00a0\u00a0\u00a0\u00a0\u00a0\u00a0\u00a0 Makerere University<\/td>\n<\/tr>\n<tr>\n<td colspan=\"2\">Prof. Dr. Yakup Poyraz\u00a0\u00a0\u00a0\u00a0\u00a0\u00a0\u00a0\u00a0\u00a0\u00a0\u00a0\u00a0\u00a0\u00a0\u00a0\u00a0\u00a0\u00a0\u00a0\u00a0\u00a0\u00a0\u00a0\u00a0\u00a0\u00a0\u00a0\u00a0\u00a0\u00a0\u00a0\u00a0\u00a0\u00a0\u00a0\u00a0\u00a0\u00a0\u00a0\u00a0\u00a0\u00a0\u00a0\u00a0\u00a0 Kahramanmara\u015f S\u00fct\u00e7\u00fc \u0130mam University<\/td>\n<\/tr>\n<tr>\n<td colspan=\"2\">Prof. Dr. Yusuf Ad\u0131g\u00fczel\u00a0\u00a0\u00a0\u00a0\u00a0\u00a0\u00a0\u00a0\u00a0\u00a0\u00a0\u00a0\u00a0\u00a0\u00a0\u00a0\u00a0\u00a0\u00a0\u00a0\u00a0\u00a0\u00a0\u00a0\u00a0\u00a0\u00a0\u00a0\u00a0\u00a0\u00a0\u00a0\u00a0\u00a0\u00a0\u00a0\u00a0\u00a0\u00a0\u00a0\u00a0 \u00a0 Anadolu University<\/td>\n<\/tr>\n<tr>\n<td colspan=\"2\">Associate Prof. Ahmet Ayhan Koyuncu\u00a0\u00a0\u00a0\u00a0\u00a0\u00a0\u00a0\u00a0\u00a0\u00a0\u00a0\u00a0\u00a0\u00a0\u00a0\u00a0\u00a0Afyon Kocatepe University<\/td>\n<\/tr>\n<tr>\n<td colspan=\"2\">Associate Prof. Md. Nazmul Islam\u00a0\u00a0\u00a0\u00a0\u00a0\u00a0\u00a0\u00a0\u00a0\u00a0\u00a0\u00a0\u00a0\u00a0\u00a0\u00a0\u00a0\u00a0\u00a0\u00a0\u00a0\u00a0\u00a0\u00a0\u00a0\u00a0 Ankara Y\u0131ld\u0131r\u0131m Beyaz\u0131t \/ Rajshahi University<\/td>\n<\/tr>\n<tr>\n<td colspan=\"2\">Associate Prof. Mesut Ko\u00e7ak\u00a0\u00a0\u00a0\u00a0\u00a0\u00a0\u00a0\u00a0\u00a0\u00a0\u00a0\u00a0\u00a0\u00a0\u00a0\u00a0\u00a0\u00a0\u00a0\u00a0\u00a0\u00a0\u00a0\u00a0\u00a0\u00a0\u00a0\u00a0\u00a0\u00a0\u00a0\u00a0\u00a0\u00a0\u00a0 Fatih Sultan Mehmet Vak\u0131f University<\/td>\n<\/tr>\n<tr>\n<td colspan=\"2\">Associate Prof. Nurullah Alt\u0131nta\u015f\u00a0\u00a0\u00a0\u00a0\u00a0\u00a0\u00a0\u00a0\u00a0\u00a0\u00a0\u00a0\u00a0\u00a0\u00a0\u00a0\u00a0\u00a0\u00a0\u00a0\u00a0\u00a0\u00a0\u00a0\u00a0\u00a0\u00a0\u00a0\u00a0Sakarya University<\/td>\n<\/tr>\n<tr>\n<td colspan=\"2\">Associate Prof. Sel\u00e7uk Atay\u00a0\u00a0\u00a0\u00a0\u00a0\u00a0\u00a0\u00a0\u00a0\u00a0\u00a0\u00a0\u00a0\u00a0\u00a0\u00a0\u00a0\u00a0\u00a0\u00a0\u00a0\u00a0\u00a0\u00a0\u00a0\u00a0\u00a0\u00a0\u00a0\u00a0\u00a0\u00a0\u00a0\u00a0\u00a0\u00a0\u00a0 Karab\u00fck University<\/td>\n<\/tr>\n<tr>\n<td colspan=\"2\">Associate Prof. Taha E\u011fri\u00a0\u00a0\u00a0\u00a0\u00a0\u00a0\u00a0\u00a0\u00a0\u00a0\u00a0\u00a0\u00a0\u00a0\u00a0\u00a0\u00a0\u00a0\u00a0\u00a0\u00a0\u00a0\u00a0\u00a0\u00a0\u00a0\u00a0\u00a0\u00a0\u00a0\u00a0\u00a0\u00a0\u00a0\u00a0\u00a0\u00a0\u00a0\u00a0\u00a0\u00a0 K\u0131rklareli University<\/td>\n<\/tr>\n<tr>\n<td colspan=\"2\">Associate Prof. Ahmet L\u00f6k\u00e7e\u00a0\u00a0\u00a0\u00a0\u00a0\u00a0\u00a0\u00a0\u00a0\u00a0\u00a0\u00a0\u00a0\u00a0\u00a0\u00a0\u00a0\u00a0\u00a0\u00a0\u00a0\u00a0\u00a0\u00a0\u00a0\u00a0\u00a0\u00a0\u00a0\u00a0\u00a0\u00a0\u00a0\u00a0Uluslararas\u0131 Balkan University<\/td>\n<\/tr>\n<tr>\n<td colspan=\"2\">Dr. Ahmet K\u00f6ro\u011flu\u00a0\u00a0\u00a0\u00a0\u00a0\u00a0\u00a0\u00a0\u00a0\u00a0\u00a0\u00a0\u00a0\u00a0\u00a0\u00a0\u00a0\u00a0\u00a0\u00a0\u00a0\u00a0\u00a0\u00a0\u00a0\u00a0\u00a0\u00a0\u00a0\u00a0\u00a0\u00a0\u00a0\u00a0\u00a0\u00a0\u00a0\u00a0\u00a0\u00a0\u00a0\u00a0\u00a0\u00a0\u00a0\u00a0\u00a0\u00a0\u00a0\u00a0\u00a0 \u0130stanbul University<\/td>\n<\/tr>\n<tr>\n<td colspan=\"2\">Dr. Ali Osman Karao\u011flu\u00a0\u00a0\u00a0\u00a0\u00a0\u00a0\u00a0\u00a0\u00a0\u00a0\u00a0\u00a0\u00a0\u00a0\u00a0\u00a0\u00a0\u00a0\u00a0\u00a0\u00a0\u00a0\u00a0\u00a0\u00a0\u00a0\u00a0\u00a0\u00a0\u00a0\u00a0\u00a0\u00a0\u00a0\u00a0\u00a0\u00a0\u00a0\u00a0\u00a0\u00a0\u00a0\u00a0 Yalova University<\/td>\n<\/tr>\n<tr>\n<td colspan=\"2\">Dr. Burak \u00c7\u0131k\u0131ryel\u00a0\u00a0\u00a0\u00a0\u00a0\u00a0\u00a0\u00a0\u00a0\u00a0\u00a0\u00a0\u00a0\u00a0\u00a0\u00a0\u00a0\u00a0\u00a0\u00a0\u00a0\u00a0\u00a0\u00a0\u00a0\u00a0\u00a0\u00a0\u00a0\u00a0\u00a0\u00a0\u00a0\u00a0\u00a0\u00a0\u00a0\u00a0\u00a0\u00a0\u00a0\u00a0\u00a0\u00a0\u00a0\u00a0\u00a0\u00a0\u00a0\u00a0\u00a0\u00a0 \u00a0 Ankara Sosyal Bilimler University<\/td>\n<\/tr>\n<tr>\n<td colspan=\"2\">Dr. Da\u015fdemir Mahmandarov\u00a0\u00a0\u00a0\u00a0\u00a0\u00a0\u00a0\u00a0\u00a0\u00a0\u00a0\u00a0\u00a0\u00a0\u00a0\u00a0\u00a0\u00a0\u00a0\u00a0\u00a0\u00a0\u00a0\u00a0\u00a0\u00a0\u00a0\u00a0\u00a0\u00a0\u00a0\u00a0\u00a0\u00a0Azerbaycan \u0130lahiyat Enstit\u00fcs\u00fc<\/td>\n<\/tr>\n<tr>\n<td colspan=\"2\">Dr. Hasan Ramazan Y\u0131lmaz\u00a0\u00a0\u00a0\u00a0\u00a0\u00a0\u00a0\u00a0\u00a0\u00a0\u00a0\u00a0\u00a0\u00a0\u00a0\u00a0\u00a0\u00a0\u00a0\u00a0\u00a0\u00a0\u00a0\u00a0\u00a0\u00a0\u00a0\u00a0\u00a0\u00a0\u00a0\u00a0\u00a0\u00a0\u00a0\u00a0\u00a0 \u0130bn Haldun University<\/td>\n<\/tr>\n<tr>\n<td colspan=\"2\">Dr. \u0130nayetullah Azimov\u00a0\u00a0\u00a0\u00a0\u00a0\u00a0\u00a0\u00a0\u00a0\u00a0\u00a0\u00a0\u00a0\u00a0\u00a0\u00a0\u00a0\u00a0\u00a0\u00a0\u00a0\u00a0\u00a0\u00a0\u00a0\u00a0\u00a0\u00a0\u00a0\u00a0\u00a0\u00a0\u00a0\u00a0\u00a0\u00a0\u00a0\u00a0\u00a0\u00a0\u00a0\u00a0\u00a0\u00a0 \u0130stanbul Ayd\u0131n University<\/td>\n<\/tr>\n<tr>\n<td colspan=\"2\">Dr. Mehmet Ali Bolat\u00a0\u00a0\u00a0\u00a0\u00a0\u00a0\u00a0\u00a0\u00a0\u00a0\u00a0\u00a0\u00a0\u00a0\u00a0\u00a0\u00a0\u00a0\u00a0\u00a0\u00a0\u00a0\u00a0\u00a0\u00a0\u00a0\u00a0\u00a0\u00a0\u00a0\u00a0\u00a0\u00a0\u00a0\u00a0\u00a0\u00a0\u00a0\u00a0\u00a0\u00a0\u00a0\u00a0\u00a0\u00a0\u00a0\u00a0 \u0130stanbul Sabahattin Zaim University<\/td>\n<\/tr>\n<tr>\n<td colspan=\"2\">Dr. Rahmat Ullah\u00a0\u00a0\u00a0\u00a0\u00a0\u00a0\u00a0\u00a0\u00a0\u00a0\u00a0\u00a0\u00a0\u00a0\u00a0\u00a0\u00a0\u00a0\u00a0\u00a0\u00a0\u00a0\u00a0\u00a0\u00a0\u00a0\u00a0\u00a0\u00a0\u00a0\u00a0\u00a0\u00a0\u00a0\u00a0\u00a0\u00a0\u00a0\u00a0\u00a0\u00a0\u00a0\u00a0\u00a0\u00a0\u00a0\u00a0\u00a0\u00a0 \u00a0\u00a0\u00a0\u00a0\u00a0 \u0130stanbul Geli\u015fim University<\/td>\n<\/tr>\n<tr>\n<td colspan=\"2\">Dr. Sultan Mahmud Rana\u00a0\u00a0\u00a0\u00a0\u00a0\u00a0\u00a0\u00a0\u00a0\u00a0\u00a0\u00a0\u00a0\u00a0\u00a0\u00a0\u00a0\u00a0\u00a0\u00a0\u00a0\u00a0\u00a0\u00a0\u00a0\u00a0\u00a0\u00a0\u00a0\u00a0\u00a0\u00a0\u00a0\u00a0\u00a0\u00a0\u00a0\u00a0\u00a0\u00a0\u00a0 Rajshahi University<\/td>\n<\/tr>\n<tr>\n<td colspan=\"2\">Dr. Abdulhakim Allahdad\u00a0\u00a0\u00a0\u00a0\u00a0\u00a0\u00a0\u00a0\u00a0\u00a0\u00a0\u00a0\u00a0\u00a0\u00a0\u00a0\u00a0\u00a0\u00a0\u00a0\u00a0\u00a0\u00a0\u00a0\u00a0\u00a0\u00a0\u00a0\u00a0\u00a0\u00a0\u00a0\u00a0\u00a0\u00a0\u00a0\u00a0\u00a0\u00a0\u00a0 &#8211;<\/td>\n<\/tr>\n<tr>\n<td colspan=\"2\">Dr. G\u00f6khan Kahraman\u00a0\u00a0\u00a0\u00a0\u00a0\u00a0\u00a0\u00a0\u00a0\u00a0\u00a0\u00a0\u00a0\u00a0\u00a0\u00a0\u00a0\u00a0\u00a0\u00a0\u00a0\u00a0\u00a0\u00a0\u00a0\u00a0\u00a0\u00a0\u00a0\u00a0\u00a0\u00a0\u00a0\u00a0\u00a0\u00a0\u00a0\u00a0\u00a0\u00a0\u00a0\u00a0\u00a0\u00a0\u00a0 &#8211;<\/td>\n<\/tr>\n<tr>\n<td colspan=\"2\">Dr. Hawa Kasule\u00a0\u00a0\u00a0\u00a0\u00a0\u00a0\u00a0\u00a0\u00a0\u00a0\u00a0\u00a0\u00a0\u00a0\u00a0\u00a0\u00a0\u00a0\u00a0\u00a0\u00a0\u00a0\u00a0\u00a0\u00a0\u00a0\u00a0\u00a0\u00a0\u00a0\u00a0\u00a0\u00a0\u00a0\u00a0\u00a0\u00a0\u00a0\u00a0\u00a0\u00a0\u00a0\u00a0\u00a0\u00a0\u00a0\u00a0\u00a0\u00a0\u00a0\u00a0\u00a0\u00a0\u00a0 Makerere University<\/td>\n<\/tr>\n<tr>\n<td colspan=\"2\">Dr. Mehmet Baydemir\u00a0\u00a0\u00a0\u00a0\u00a0\u00a0\u00a0\u00a0\u00a0\u00a0\u00a0\u00a0\u00a0\u00a0\u00a0\u00a0\u00a0\u00a0\u00a0\u00a0\u00a0\u00a0\u00a0\u00a0\u00a0\u00a0\u00a0\u00a0\u00a0\u00a0\u00a0\u00a0\u00a0\u00a0\u00a0\u00a0\u00a0\u00a0\u00a0\u00a0\u00a0\u00a0\u00a0\u00a0\u00a0\u00a0 &#8211;<\/td>\n<\/tr>\n<tr>\n<td colspan=\"2\">Dr. Rajab \u0130dd Muvingo\u00a0\u00a0\u00a0\u00a0\u00a0\u00a0\u00a0\u00a0\u00a0\u00a0\u00a0\u00a0\u00a0\u00a0\u00a0\u00a0\u00a0\u00a0\u00a0\u00a0\u00a0\u00a0\u00a0\u00a0\u00a0\u00a0\u00a0\u00a0\u00a0\u00a0\u00a0\u00a0\u00a0\u00a0\u00a0\u00a0\u00a0\u00a0\u00a0\u00a0\u00a0\u00a0\u00a0\u00a0 Kabale University<\/td>\n<\/tr>\n<tr>\n<td colspan=\"2\">Dr. Alexander Haymanote\u00a0\u00a0\u00a0\u00a0\u00a0\u00a0\u00a0\u00a0\u00a0\u00a0\u00a0\u00a0\u00a0\u00a0\u00a0\u00a0\u00a0\u00a0\u00a0\u00a0\u00a0\u00a0\u00a0\u00a0\u00a0\u00a0\u00a0\u00a0\u00a0\u00a0\u00a0\u00a0\u00a0\u00a0\u00a0\u00a0\u00a0\u00a0 Raya University<\/td>\n<\/tr>\n<tr>\n<td colspan=\"2\">Dr. Gebremdhin Godif\u00a0\u00a0\u00a0\u00a0\u00a0\u00a0\u00a0\u00a0\u00a0\u00a0\u00a0\u00a0\u00a0\u00a0\u00a0\u00a0\u00a0\u00a0\u00a0\u00a0\u00a0\u00a0\u00a0\u00a0\u00a0\u00a0\u00a0\u00a0\u00a0\u00a0\u00a0\u00a0\u00a0\u00a0\u00a0\u00a0\u00a0\u00a0\u00a0\u00a0\u00a0\u00a0\u00a0\u00a0 Raya University<\/td>\n<\/tr>\n<tr>\n<td colspan=\"2\">Dr. Mehari Haile Gebremichael\u00a0\u00a0\u00a0\u00a0\u00a0\u00a0\u00a0\u00a0\u00a0\u00a0\u00a0\u00a0\u00a0\u00a0\u00a0\u00a0\u00a0\u00a0\u00a0\u00a0\u00a0\u00a0\u00a0\u00a0\u00a0\u00a0\u00a0\u00a0 Raya University<\/td>\n<\/tr>\n<tr>\n<td colspan=\"2\">Prof. Dr. Joseph Jon Kaminski\u00a0\u00a0\u00a0\u00a0\u00a0\u00a0\u00a0\u00a0\u00a0\u00a0\u00a0\u00a0\u00a0\u00a0\u00a0\u00a0\u00a0\u00a0\u00a0\u00a0\u00a0\u00a0\u00a0\u00a0\u00a0\u00a0\u00a0\u00a0\u00a0\u00a0 Uluslararas\u0131 Saraybosna University<\/td>\n<\/tr>\n<tr>\n<td colspan=\"2\">Do\u00e7. Dr. Aliaksandr Novikau\u00a0\u00a0\u00a0\u00a0\u00a0\u00a0\u00a0\u00a0\u00a0\u00a0\u00a0\u00a0\u00a0\u00a0\u00a0\u00a0\u00a0\u00a0\u00a0\u00a0\u00a0\u00a0\u00a0\u00a0\u00a0\u00a0\u00a0\u00a0\u00a0\u00a0\u00a0\u00a0\u00a0 Uluslararas\u0131 Saraybosna University\u00a0<\/td>\n<\/tr>\n<tr>\n<td>Dr. Oktay TAVAS<\/td>\n<td>Ministry of Youth and Sports of the Republic of T\u00fcrkiye<\/td>\n<\/tr>\n<\/tbody>\n<\/table>\n<p>\n<\/div><\/div><\/div>\t<\/div>\n<\/div>\n\n\n<\/div><\/div><\/div><\/div><\/section>\n","protected":false},"excerpt":{"rendered":"","protected":false},"author":1,"featured_media":0,"parent":0,"menu_order":0,"comment_status":"closed","ping_status":"closed","template":"","meta":{"footnotes":""},"class_list":["post-2316","page","type-page","status-publish","hentry"],"_links":{"self":[{"href":"https:\/\/www.internationalstudentsymposium.com\/en\/wp-json\/wp\/v2\/pages\/2316"}],"collection":[{"href":"https:\/\/www.internationalstudentsymposium.com\/en\/wp-json\/wp\/v2\/pages"}],"about":[{"href":"https:\/\/www.internationalstudentsymposium.com\/en\/wp-json\/wp\/v2\/types\/page"}],"author":[{"embeddable":true,"href":"https:\/\/www.internationalstudentsymposium.com\/en\/wp-json\/wp\/v2\/users\/1"}],"replies":[{"embeddable":true,"href":"https:\/\/www.internationalstudentsymposium.com\/en\/wp-json\/wp\/v2\/comments?post=2316"}],"version-history":[{"count":31,"href":"https:\/\/www.internationalstudentsymposium.com\/en\/wp-json\/wp\/v2\/pages\/2316\/revisions"}],"predecessor-version":[{"id":3229,"href":"https:\/\/www.internationalstudentsymposium.com\/en\/wp-json\/wp\/v2\/pages\/2316\/revisions\/3229"}],"wp:attachment":[{"href":"https:\/\/www.internationalstudentsymposium.com\/en\/wp-json\/wp\/v2\/media?parent=2316"}],"curies":[{"name":"wp","href":"https:\/\/api.w.org\/{rel}","templated":true}]}}